{"id":4,"date":"2012-08-31T14:04:47","date_gmt":"2012-08-31T13:04:47","guid":{"rendered":"http:\/\/devioolschool.nl\/?page_id=4"},"modified":"2025-08-27T23:53:35","modified_gmt":"2025-08-27T21:53:35","slug":"welkom","status":"publish","type":"page","link":"https:\/\/www.devioolschool.nl\/","title":{"rendered":"Welkom"},"content":{"rendered":"<section class=\"wpb-content-wrapper\"><p>[vc_row css=&#8221;.vc_custom_1695301626098{padding-top: 20px !important;}&#8221;][vc_column][vc_single_image image=&#8221;1056&#8243; img_size=&#8221;full&#8221; alignment=&#8221;center&#8221;][vc_custom_heading text=&#8221;Viool, altviool, cello en celloles voor kinderen en volwassenen&#8221; font_container=&#8221;tag:h2|font_size:25px|text_align:center|color:%2376268c&#8221; google_fonts=&#8221;font_family:Ubuntu%3A300%2C300italic%2Cregular%2Citalic%2C500%2C500italic%2C700%2C700italic|font_style:400%20regular%3A400%3Anormal&#8221;][\/vc_column][\/vc_row][vc_row css=&#8221;.vc_custom_1519915898199{margin-top: 0px !important;margin-bottom: 0px !important;border-top-width: 0px !important;border-bottom-width: 0px !important;padding-top: 0px !important;padding-bottom: 0px !important;}&#8221;][vc_column][vc_row_inner][vc_column_inner][vc_column_text]<strong>Seizoen 2025\/2026<\/strong><\/p>\n<p><strong>Feest: De Vioolschool Haarlem bestaat 25 jaar!!!<\/strong>[\/vc_column_text][\/vc_column_inner][\/vc_row_inner][vc_row_inner][vc_column_inner width=&#8221;1\/2&#8243;][vc_column_text]<img decoding=\"async\" loading=\"lazy\" class=\"alignleft wp-image-1986 \" src=\"http:\/\/www.devioolschool.nl\/wp-content\/uploads\/2025\/01\/logo-25-witte-achtergrond-e1736861012214-1024x948.png\" alt=\"\" width=\"153\" height=\"142\" srcset=\"https:\/\/www.devioolschool.nl\/wp-content\/uploads\/2025\/01\/logo-25-witte-achtergrond-e1736861012214-1024x948.png 1024w, https:\/\/www.devioolschool.nl\/wp-content\/uploads\/2025\/01\/logo-25-witte-achtergrond-e1736861012214-300x278.png 300w, https:\/\/www.devioolschool.nl\/wp-content\/uploads\/2025\/01\/logo-25-witte-achtergrond-e1736861012214-768x711.png 768w, https:\/\/www.devioolschool.nl\/wp-content\/uploads\/2025\/01\/logo-25-witte-achtergrond-e1736861012214-1536x1421.png 1536w, https:\/\/www.devioolschool.nl\/wp-content\/uploads\/2025\/01\/logo-25-witte-achtergrond-e1736861012214-2048x1895.png 2048w, https:\/\/www.devioolschool.nl\/wp-content\/uploads\/2025\/01\/logo-25-witte-achtergrond-e1736861012214-720x666.png 720w\" sizes=\"(max-width: 153px) 100vw, 153px\" \/><br \/>\nWat in januari 2000 begon met een paar vioolleerlingen is in 2025 uitgegroeid tot een volwaardige school voor strijkonderwijs in Haarlem: De Vioolschool Haarlem.[\/vc_column_text][vc_separator css=&#8221;.vc_custom_1736861514837{padding-bottom: 10px !important;}&#8221;][vc_column_text]Vol enthousiasme zijn de afgelopen jaren honderden leerlingen begeleid bij hun eerste stappen op de viool, altviool en cello. Eindeloos veel muziekplezier, uitvoeringen, concerten, ensembles, orkesten, talentbegeleiding, muziekkampen in Frankrijk: De Vioolschool Haarlem heeft het allemaal, voor kinderen vanaf 4 jaar tot en met volwassenen.[\/vc_column_text][\/vc_column_inner][vc_column_inner width=&#8221;1\/2&#8243;][vc_images_carousel images=&#8221;2006,2009,2005,2007,2008,2010,2011&#8243; img_size=&#8221;530&#215;300&#8243; onclick=&#8221;link_no&#8221; autoplay=&#8221;yes&#8221; hide_pagination_control=&#8221;yes&#8221; hide_prev_next_buttons=&#8221;yes&#8221; wrap=&#8221;yes&#8221; css_animation=&#8221;fadeIn&#8221;][\/vc_column_inner][\/vc_row_inner][\/vc_column][\/vc_row][vc_row][vc_column width=&#8221;1\/2&#8243;][vc_column_text]Ter ere van dit bijzondere jubileum hebben we een <strong>feestweekend georganiseerd op 18 en 19 januari 2025.<\/strong><\/p>\n<p>\u266a Op zaterdagavond 18 januari gingen we met alle leerlingen luisteren naar een concert in de Phil Haarlem waar stervioliste <strong>Noa Wildschut<\/strong> optrad met het Studentenorkest J. Pz. Sweelinck.<\/p>\n<p>\u266a Op zondagmiddag 19 januari vormden we met een enorme groep van leerlingen, oud-leerlingen, docenten, oud-docenten, strijkende ouders en Vioolschoolvrienden een groot <strong>Jubileum Strijkorkest<\/strong> dat een stuk heeft ingestudeerd van onze eigen viooldocent en componist Paul Medeiros, genaamd \u201cDivertimento voor Jeugdorkest\u201d. Het concert vond plaats in de Immanuelkerk op De Vioolschool.[\/vc_column_text][vc_empty_space][\/vc_column][vc_column width=&#8221;1\/2&#8243;][vc_column_text]Ook in dit jubileumjaar staat ons deskundige team van professionele docenten weer klaar om les te geven!<\/p>\n<p>In De Vioolschool Haarlem, onder leiding van oprichtster en violiste Joretta Witvliet, wordt individueel vioolles, altvioolles en celloles gegeven.<br \/>\nOnze docenten zijn allemaal afgestudeerd aan het Conservatorium en hebben een ruime ervaring in het lesgeven.<br \/>\nEr wordt lesgegeven in het Nederlands, Engels, Spaans, Portugees en Pools.<\/p>\n<p><em><strong>Jonge kinderen, middelbare scholieren, studenten, volwassenen: iedereen is welkom!<\/strong><\/em>[\/vc_column_text][\/vc_column][\/vc_row][vc_row][vc_column width=&#8221;2\/3&#8243;][vc_column_text]<strong>Pedagogie<\/strong><\/p>\n<p>Onze specialiteit is \u00e9\u00e9n-op-\u00e9\u00e9n lesgeven, op basis van de leerprincipes van Ivan Galamian, een beroemde Amerikaanse vioolpedagoog.<br \/>\nWe hebben een complete <strong>Vioolschool-Leerlijn<\/strong> ontwikkeld voor alle leerlingen.<br \/>\nVanaf het moment dat je bij ons op school les komt doorloop je in je eigen tempo de verschillende fases van het leren musiceren.<\/p>\n<p>Zie voor meer informatie onze uitgebreide brochure: <a href=\"http:\/\/www.devioolschool.nl\/wp-content\/uploads\/2023\/09\/Brochure-Vioolschool-290823.pdf\" target=\"_blank\" rel=\"noopener\">Klik hier om brochure te bekijken<\/a><\/p>\n<p><strong>Talentbegeleiding<\/strong><\/p>\n<p>Heb je ambitie om te gaan studeren op het Conservatorium, of wil je jezelf gewoon verbeteren en heb je daar extra tijd en energie voor over?<br \/>\nDan kun je deelnemen aan het speciale programma van onze Talentklas.<br \/>\nEen paar leerlingen hebben dit traject inmiddels met succes doorlopen.<\/p>\n<p><strong>Proefles<\/strong><\/p>\n<p>Zit je erover te denken om viool, altviool of cello te gaan spelen?<br \/>\nMeld je dan aan voor een gratis proefles.<\/p>\n<p style=\"text-align: left;\"><strong>STRING KIDS<\/strong><\/p>\n<p style=\"text-align: left;\">Leerlingen van 7 t\/m 11 jaar kunnen hun eerste samenspeelervaring opdoen in de String Kids.<br \/>\nOnder leiding van een van de docenten wordt er wekelijks op woensdagmiddag gerepeteerd.<br \/>\nNa een paar weken is er een uitvoering. Ook leerlingen van buiten De Vioolschool kunnen hieraan meedoen.<\/p>\n<p style=\"text-align: left;\"><strong>CLAVIS ENSEMBLE<\/strong><\/p>\n<p style=\"text-align: left;\">Voor gevorderde leerlingen vanaf 8 jaar tot en met middelbare schoolleeftijd is het Clavis Ensemble opgericht.<br \/>\nIn dit strijkorkest spelen de docenten zelf mee!<br \/>\nOp bijzondere locaties in Haarlem worden regelmatig concerten gegeven.<br \/>\nLeerlingen van buiten De Vioolschool kunnen ook deelnemen.<\/p>\n<p><strong>VOLWASSEN ENSEMBLE<\/strong><\/p>\n<p>Onder leiding van een van onze docenten organiseren wij diverse ensemble lessen, zoals strijktrio, strijkkwartet en kamerorkest.[\/vc_column_text][vc_empty_space height=&#8221;25&#8243;][\/vc_column][vc_column width=&#8221;1\/3&#8243;][vc_single_image image=&#8221;2054&#8243; img_size=&#8221;250&#215;250&#8243; alignment=&#8221;center&#8221; style=&#8221;vc_box_shadow&#8221; css=&#8221;.vc_custom_1755704713472{padding-top: 30px !important;padding-bottom: 30px !important;}&#8221;][vc_single_image image=&#8221;2060&#8243; img_size=&#8221;250&#215;250&#8243; alignment=&#8221;center&#8221; style=&#8221;vc_box_shadow&#8221; css=&#8221;.vc_custom_1755705131820{padding-top: 30px !important;padding-bottom: 30px !important;}&#8221;][vc_single_image image=&#8221;2058&#8243; img_size=&#8221;250&#215;250&#8243; alignment=&#8221;center&#8221; style=&#8221;vc_box_shadow&#8221; css=&#8221;.vc_custom_1755705002601{padding-top: 30px !important;padding-bottom: 30px !important;}&#8221;][\/vc_column][\/vc_row][vc_row][vc_column width=&#8221;1\/3&#8243;][vc_single_image image=&#8221;2047&#8243; img_size=&#8221;250&#215;250&#8243; alignment=&#8221;center&#8221; style=&#8221;vc_box_shadow&#8221;][\/vc_column][vc_column width=&#8221;1\/3&#8243;][vc_single_image image=&#8221;1760&#8243; img_size=&#8221;250&#215;250&#8243; alignment=&#8221;center&#8221; style=&#8221;vc_box_shadow&#8221;][\/vc_column][vc_column width=&#8221;1\/3&#8243;][vc_single_image image=&#8221;2049&#8243; img_size=&#8221;250&#215;250&#8243; alignment=&#8221;center&#8221; style=&#8221;vc_box_shadow&#8221;][\/vc_column][\/vc_row][vc_row][vc_column][vc_column_text][\/vc_column_text][\/vc_column][\/vc_row]<\/p>\n<\/section>","protected":false},"excerpt":{"rendered":"<p>[vc_row css=&#8221;.vc_custom_1695301626098{padding-top: 20px !important;}&#8221;][vc_column][vc_single_image image=&#8221;1056&#8243; img_size=&#8221;full&#8221; alignment=&#8221;center&#8221;][vc_custom_heading text=&#8221;Viool, altviool, cello en celloles voor [&hellip;]<\/p>\n","protected":false},"author":4,"featured_media":0,"parent":0,"menu_order":1,"comment_status":"closed","ping_status":"closed","template":"","meta":{"footnotes":""},"_links":{"self":[{"href":"https:\/\/www.devioolschool.nl\/index.php?rest_route=\/wp\/v2\/pages\/4"}],"collection":[{"href":"https:\/\/www.devioolschool.nl\/index.php?rest_route=\/wp\/v2\/pages"}],"about":[{"href":"https:\/\/www.devioolschool.nl\/index.php?rest_route=\/wp\/v2\/types\/page"}],"author":[{"embeddable":true,"href":"https:\/\/www.devioolschool.nl\/index.php?rest_route=\/wp\/v2\/users\/4"}],"replies":[{"embeddable":true,"href":"https:\/\/www.devioolschool.nl\/index.php?rest_route=%2Fwp%2Fv2%2Fcomments&post=4"}],"version-history":[{"count":370,"href":"https:\/\/www.devioolschool.nl\/index.php?rest_route=\/wp\/v2\/pages\/4\/revisions"}],"predecessor-version":[{"id":2134,"href":"https:\/\/www.devioolschool.nl\/index.php?rest_route=\/wp\/v2\/pages\/4\/revisions\/2134"}],"wp:attachment":[{"href":"https:\/\/www.devioolschool.nl\/index.php?rest_route=%2Fwp%2Fv2%2Fmedia&parent=4"}],"curies":[{"name":"wp","href":"https:\/\/api.w.org\/{rel}","templated":true}]}}